{"id":8941,"date":"2021-08-06T21:42:21","date_gmt":"2021-08-06T19:42:21","guid":{"rendered":"https:\/\/epoktour.fr\/?page_id=8941"},"modified":"2026-02-15T14:48:09","modified_gmt":"2026-02-15T13:48:09","slug":"cheque-vacances","status":"publish","type":"page","link":"https:\/\/epoktour.fr\/en\/cheque-vacances\/","title":{"rendered":"ANCV Holiday vouchers"},"content":{"rendered":"","protected":false},"excerpt":{"rendered":"","protected":false},"author":4,"featured_media":0,"parent":0,"menu_order":0,"comment_status":"closed","ping_status":"closed","template":"","meta":{"footnotes":""},"yoast_head":"<!-- This site is optimized with the Yoast SEO plugin v22.6 - https:\/\/yoast.com\/wordpress\/plugins\/seo\/ -->\n<title>Ch\u00e8que-vacances - Epok&#039; Tour, Visites costum\u00e9es en France<\/title>\n<meta name=\"description\" content=\"Epok&#039;Tour fait d\u00e9sormais partie du r\u00e9seau Ch\u00e8que-vacances connect. Retrouvez ici la proc\u00e9dure de paiement par ch\u00e8que-vacances.\" \/>\n<meta name=\"robots\" content=\"index, follow, max-snippet:-1, max-image-preview:large, max-video-preview:-1\" \/>\n<link rel=\"canonical\" href=\"https:\/\/epoktour.fr\/en\/cheque-vacances\/\" \/>\n<meta property=\"og:locale\" content=\"en_GB\" \/>\n<meta property=\"og:type\" content=\"article\" \/>\n<meta property=\"og:title\" content=\"Ch\u00e8que-vacances - Epok&#039; Tour, Visites costum\u00e9es en France\" \/>\n<meta property=\"og:description\" content=\"Epok&#039;Tour fait d\u00e9sormais partie du r\u00e9seau Ch\u00e8que-vacances connect. Retrouvez ici la proc\u00e9dure de paiement par ch\u00e8que-vacances.\" \/>\n<meta property=\"og:url\" content=\"https:\/\/epoktour.fr\/en\/cheque-vacances\/\" \/>\n<meta property=\"og:site_name\" content=\"Epok&#039; Tour\" \/>\n<meta property=\"article:modified_time\" content=\"2026-02-15T13:48:09+00:00\" \/>\n<meta name=\"twitter:card\" content=\"summary_large_image\" \/>\n<meta name=\"twitter:label1\" content=\"Estimated reading time\" \/>\n\t<meta name=\"twitter:data1\" content=\"1 minute\" \/>\n<script type=\"application\/ld+json\" class=\"yoast-schema-graph\">{\"@context\":\"https:\/\/schema.org\",\"@graph\":[{\"@type\":\"WebPage\",\"@id\":\"https:\/\/epoktour.fr\/cheque-vacances\/\",\"url\":\"https:\/\/epoktour.fr\/cheque-vacances\/\",\"name\":\"Ch\u00e8que-vacances - Epok&#039; Tour, Visites costum\u00e9es en France\",\"isPartOf\":{\"@id\":\"https:\/\/epoktour.fr\/#website\"},\"datePublished\":\"2021-08-06T19:42:21+00:00\",\"dateModified\":\"2026-02-15T13:48:09+00:00\",\"description\":\"Epok'Tour fait d\u00e9sormais partie du r\u00e9seau Ch\u00e8que-vacances connect. Retrouvez ici la proc\u00e9dure de paiement par ch\u00e8que-vacances.\",\"breadcrumb\":{\"@id\":\"https:\/\/epoktour.fr\/cheque-vacances\/#breadcrumb\"},\"inLanguage\":\"en-GB\",\"potentialAction\":[{\"@type\":\"ReadAction\",\"target\":[\"https:\/\/epoktour.fr\/cheque-vacances\/\"]}]},{\"@type\":\"BreadcrumbList\",\"@id\":\"https:\/\/epoktour.fr\/cheque-vacances\/#breadcrumb\",\"itemListElement\":[{\"@type\":\"ListItem\",\"position\":1,\"name\":\"Accueil\",\"item\":\"https:\/\/epoktour.fr\/\"},{\"@type\":\"ListItem\",\"position\":2,\"name\":\"Ch\u00e8que-vacances\"}]},{\"@type\":\"WebSite\",\"@id\":\"https:\/\/epoktour.fr\/#website\",\"url\":\"https:\/\/epoktour.fr\/\",\"name\":\"Epok&#039; Tour\",\"description\":\"REVISITEZ I\u2019HISTOIRE\",\"potentialAction\":[{\"@type\":\"SearchAction\",\"target\":{\"@type\":\"EntryPoint\",\"urlTemplate\":\"https:\/\/epoktour.fr\/?s={search_term_string}\"},\"query-input\":\"required name=search_term_string\"}],\"inLanguage\":\"en-GB\"}]}<\/script>\n<!-- \/ Yoast SEO plugin. -->","yoast_head_json":{"title":"Ch\u00e8que-vacances - Epok&#039; Tour, Visites costum\u00e9es en France","description":"Epok'Tour fait d\u00e9sormais partie du r\u00e9seau Ch\u00e8que-vacances connect. Retrouvez ici la proc\u00e9dure de paiement par ch\u00e8que-vacances.","robots":{"index":"index","follow":"follow","max-snippet":"max-snippet:-1","max-image-preview":"max-image-preview:large","max-video-preview":"max-video-preview:-1"},"canonical":"https:\/\/epoktour.fr\/en\/cheque-vacances\/","og_locale":"en_GB","og_type":"article","og_title":"Ch\u00e8que-vacances - Epok&#039; Tour, Visites costum\u00e9es en France","og_description":"Epok'Tour fait d\u00e9sormais partie du r\u00e9seau Ch\u00e8que-vacances connect. Retrouvez ici la proc\u00e9dure de paiement par ch\u00e8que-vacances.","og_url":"https:\/\/epoktour.fr\/en\/cheque-vacances\/","og_site_name":"Epok&#039; Tour","article_modified_time":"2026-02-15T13:48:09+00:00","twitter_card":"summary_large_image","twitter_misc":{"Estimated reading time":"1 minute"},"schema":{"@context":"https:\/\/schema.org","@graph":[{"@type":"WebPage","@id":"https:\/\/epoktour.fr\/cheque-vacances\/","url":"https:\/\/epoktour.fr\/cheque-vacances\/","name":"Ch\u00e8que-vacances - Epok&#039; Tour, Visites costum\u00e9es en France","isPartOf":{"@id":"https:\/\/epoktour.fr\/#website"},"datePublished":"2021-08-06T19:42:21+00:00","dateModified":"2026-02-15T13:48:09+00:00","description":"Epok'Tour fait d\u00e9sormais partie du r\u00e9seau Ch\u00e8que-vacances connect. Retrouvez ici la proc\u00e9dure de paiement par ch\u00e8que-vacances.","breadcrumb":{"@id":"https:\/\/epoktour.fr\/cheque-vacances\/#breadcrumb"},"inLanguage":"en-GB","potentialAction":[{"@type":"ReadAction","target":["https:\/\/epoktour.fr\/cheque-vacances\/"]}]},{"@type":"BreadcrumbList","@id":"https:\/\/epoktour.fr\/cheque-vacances\/#breadcrumb","itemListElement":[{"@type":"ListItem","position":1,"name":"Accueil","item":"https:\/\/epoktour.fr\/"},{"@type":"ListItem","position":2,"name":"Ch\u00e8que-vacances"}]},{"@type":"WebSite","@id":"https:\/\/epoktour.fr\/#website","url":"https:\/\/epoktour.fr\/","name":"Epok&#039; Tour","description":"REVISITEZ I\u2019HISTOIRE","potentialAction":[{"@type":"SearchAction","target":{"@type":"EntryPoint","urlTemplate":"https:\/\/epoktour.fr\/?s={search_term_string}"},"query-input":"required name=search_term_string"}],"inLanguage":"en-GB"}]}},"_links":{"self":[{"href":"https:\/\/epoktour.fr\/en\/wp-json\/wp\/v2\/pages\/8941"}],"collection":[{"href":"https:\/\/epoktour.fr\/en\/wp-json\/wp\/v2\/pages"}],"about":[{"href":"https:\/\/epoktour.fr\/en\/wp-json\/wp\/v2\/types\/page"}],"author":[{"embeddable":true,"href":"https:\/\/epoktour.fr\/en\/wp-json\/wp\/v2\/users\/4"}],"replies":[{"embeddable":true,"href":"https:\/\/epoktour.fr\/en\/wp-json\/wp\/v2\/comments?post=8941"}],"version-history":[{"count":5,"href":"https:\/\/epoktour.fr\/en\/wp-json\/wp\/v2\/pages\/8941\/revisions"}],"predecessor-version":[{"id":11818,"href":"https:\/\/epoktour.fr\/en\/wp-json\/wp\/v2\/pages\/8941\/revisions\/11818"}],"wp:attachment":[{"href":"https:\/\/epoktour.fr\/en\/wp-json\/wp\/v2\/media?parent=8941"}],"curies":[{"name":"wp","href":"https:\/\/api.w.org\/{rel}","templated":true}]}}