{"id":8342,"date":"2021-04-14T16:58:42","date_gmt":"2021-04-14T14:58:42","guid":{"rendered":"https:\/\/epoktour.fr\/?page_id=8342"},"modified":"2025-04-14T18:21:02","modified_gmt":"2025-04-14T16:21:02","slug":"partenaires","status":"publish","type":"page","link":"https:\/\/epoktour.fr\/en\/partenaires\/","title":{"rendered":"Epok\u2019Tour partners"},"content":{"rendered":"","protected":false},"excerpt":{"rendered":"","protected":false},"author":4,"featured_media":0,"parent":0,"menu_order":0,"comment_status":"closed","ping_status":"closed","template":"","meta":{"footnotes":""},"yoast_head":"<!-- This site is optimized with the Yoast SEO plugin v22.6 - https:\/\/yoast.com\/wordpress\/plugins\/seo\/ -->\n<title>Partenaires d&#039;Epok&#039;Tour - Epok&#039; Tour, Visites costum\u00e9es en France<\/title>\n<meta name=\"description\" content=\"Nos partenaires en France. Afin d&#039;avoir une d\u00e9marche plus globale nous nous entourons de partenaires pour am\u00e9liorer votre exp\u00e9rience.\" \/>\n<meta name=\"robots\" content=\"index, follow, max-snippet:-1, max-image-preview:large, max-video-preview:-1\" \/>\n<link rel=\"canonical\" href=\"https:\/\/epoktour.fr\/en\/partenaires\/\" \/>\n<meta property=\"og:locale\" content=\"en_GB\" \/>\n<meta property=\"og:type\" content=\"article\" \/>\n<meta property=\"og:title\" content=\"Partenaires d&#039;Epok&#039;Tour - Epok&#039; Tour, Visites costum\u00e9es en France\" \/>\n<meta property=\"og:description\" content=\"Nos partenaires en France. Afin d&#039;avoir une d\u00e9marche plus globale nous nous entourons de partenaires pour am\u00e9liorer votre exp\u00e9rience.\" \/>\n<meta property=\"og:url\" content=\"https:\/\/epoktour.fr\/en\/partenaires\/\" \/>\n<meta property=\"og:site_name\" content=\"Epok&#039; Tour\" \/>\n<meta property=\"article:modified_time\" content=\"2025-04-14T16:21:02+00:00\" \/>\n<meta name=\"twitter:card\" content=\"summary_large_image\" \/>\n<meta name=\"twitter:label1\" content=\"Estimated reading time\" \/>\n\t<meta name=\"twitter:data1\" content=\"8 minutes\" \/>\n<script type=\"application\/ld+json\" class=\"yoast-schema-graph\">{\"@context\":\"https:\/\/schema.org\",\"@graph\":[{\"@type\":\"WebPage\",\"@id\":\"https:\/\/epoktour.fr\/partenaires\/\",\"url\":\"https:\/\/epoktour.fr\/partenaires\/\",\"name\":\"Partenaires d'Epok'Tour - Epok&#039; Tour, Visites costum\u00e9es en France\",\"isPartOf\":{\"@id\":\"https:\/\/epoktour.fr\/#website\"},\"datePublished\":\"2021-04-14T14:58:42+00:00\",\"dateModified\":\"2025-04-14T16:21:02+00:00\",\"description\":\"Nos partenaires en France. Afin d'avoir une d\u00e9marche plus globale nous nous entourons de partenaires pour am\u00e9liorer votre exp\u00e9rience.\",\"breadcrumb\":{\"@id\":\"https:\/\/epoktour.fr\/partenaires\/#breadcrumb\"},\"inLanguage\":\"en-GB\",\"potentialAction\":[{\"@type\":\"ReadAction\",\"target\":[\"https:\/\/epoktour.fr\/partenaires\/\"]}]},{\"@type\":\"BreadcrumbList\",\"@id\":\"https:\/\/epoktour.fr\/partenaires\/#breadcrumb\",\"itemListElement\":[{\"@type\":\"ListItem\",\"position\":1,\"name\":\"Accueil\",\"item\":\"https:\/\/epoktour.fr\/\"},{\"@type\":\"ListItem\",\"position\":2,\"name\":\"Partenaires d&rsquo;Epok&rsquo;Tour\"}]},{\"@type\":\"WebSite\",\"@id\":\"https:\/\/epoktour.fr\/#website\",\"url\":\"https:\/\/epoktour.fr\/\",\"name\":\"Epok&#039; Tour\",\"description\":\"REVISITEZ I\u2019HISTOIRE\",\"potentialAction\":[{\"@type\":\"SearchAction\",\"target\":{\"@type\":\"EntryPoint\",\"urlTemplate\":\"https:\/\/epoktour.fr\/?s={search_term_string}\"},\"query-input\":\"required name=search_term_string\"}],\"inLanguage\":\"en-GB\"}]}<\/script>\n<!-- \/ Yoast SEO plugin. -->","yoast_head_json":{"title":"Partenaires d'Epok'Tour - Epok&#039; Tour, Visites costum\u00e9es en France","description":"Nos partenaires en France. Afin d'avoir une d\u00e9marche plus globale nous nous entourons de partenaires pour am\u00e9liorer votre exp\u00e9rience.","robots":{"index":"index","follow":"follow","max-snippet":"max-snippet:-1","max-image-preview":"max-image-preview:large","max-video-preview":"max-video-preview:-1"},"canonical":"https:\/\/epoktour.fr\/en\/partenaires\/","og_locale":"en_GB","og_type":"article","og_title":"Partenaires d'Epok'Tour - Epok&#039; Tour, Visites costum\u00e9es en France","og_description":"Nos partenaires en France. Afin d'avoir une d\u00e9marche plus globale nous nous entourons de partenaires pour am\u00e9liorer votre exp\u00e9rience.","og_url":"https:\/\/epoktour.fr\/en\/partenaires\/","og_site_name":"Epok&#039; Tour","article_modified_time":"2025-04-14T16:21:02+00:00","twitter_card":"summary_large_image","twitter_misc":{"Estimated reading time":"8 minutes"},"schema":{"@context":"https:\/\/schema.org","@graph":[{"@type":"WebPage","@id":"https:\/\/epoktour.fr\/partenaires\/","url":"https:\/\/epoktour.fr\/partenaires\/","name":"Partenaires d'Epok'Tour - Epok&#039; Tour, Visites costum\u00e9es en France","isPartOf":{"@id":"https:\/\/epoktour.fr\/#website"},"datePublished":"2021-04-14T14:58:42+00:00","dateModified":"2025-04-14T16:21:02+00:00","description":"Nos partenaires en France. Afin d'avoir une d\u00e9marche plus globale nous nous entourons de partenaires pour am\u00e9liorer votre exp\u00e9rience.","breadcrumb":{"@id":"https:\/\/epoktour.fr\/partenaires\/#breadcrumb"},"inLanguage":"en-GB","potentialAction":[{"@type":"ReadAction","target":["https:\/\/epoktour.fr\/partenaires\/"]}]},{"@type":"BreadcrumbList","@id":"https:\/\/epoktour.fr\/partenaires\/#breadcrumb","itemListElement":[{"@type":"ListItem","position":1,"name":"Accueil","item":"https:\/\/epoktour.fr\/"},{"@type":"ListItem","position":2,"name":"Partenaires d&rsquo;Epok&rsquo;Tour"}]},{"@type":"WebSite","@id":"https:\/\/epoktour.fr\/#website","url":"https:\/\/epoktour.fr\/","name":"Epok&#039; Tour","description":"REVISITEZ I\u2019HISTOIRE","potentialAction":[{"@type":"SearchAction","target":{"@type":"EntryPoint","urlTemplate":"https:\/\/epoktour.fr\/?s={search_term_string}"},"query-input":"required name=search_term_string"}],"inLanguage":"en-GB"}]}},"_links":{"self":[{"href":"https:\/\/epoktour.fr\/en\/wp-json\/wp\/v2\/pages\/8342"}],"collection":[{"href":"https:\/\/epoktour.fr\/en\/wp-json\/wp\/v2\/pages"}],"about":[{"href":"https:\/\/epoktour.fr\/en\/wp-json\/wp\/v2\/types\/page"}],"author":[{"embeddable":true,"href":"https:\/\/epoktour.fr\/en\/wp-json\/wp\/v2\/users\/4"}],"replies":[{"embeddable":true,"href":"https:\/\/epoktour.fr\/en\/wp-json\/wp\/v2\/comments?post=8342"}],"version-history":[{"count":5,"href":"https:\/\/epoktour.fr\/en\/wp-json\/wp\/v2\/pages\/8342\/revisions"}],"predecessor-version":[{"id":11603,"href":"https:\/\/epoktour.fr\/en\/wp-json\/wp\/v2\/pages\/8342\/revisions\/11603"}],"wp:attachment":[{"href":"https:\/\/epoktour.fr\/en\/wp-json\/wp\/v2\/media?parent=8342"}],"curies":[{"name":"wp","href":"https:\/\/api.w.org\/{rel}","templated":true}]}}