{"id":6508,"date":"2020-11-02T18:34:19","date_gmt":"2020-11-02T18:34:19","guid":{"rendered":"https:\/\/epoktour.fr\/?page_id=6508"},"modified":"2023-11-10T09:38:24","modified_gmt":"2023-11-10T08:38:24","slug":"homepage-mobile","status":"publish","type":"page","link":"https:\/\/epoktour.fr\/en\/homepage-mobile\/","title":{"rendered":"Homepage MOBILE"},"content":{"rendered":"","protected":false},"excerpt":{"rendered":"","protected":false},"author":1,"featured_media":0,"parent":0,"menu_order":0,"comment_status":"closed","ping_status":"closed","template":"","meta":{"footnotes":""},"yoast_head":"<!-- This site is optimized with the Yoast SEO plugin v22.6 - https:\/\/yoast.com\/wordpress\/plugins\/seo\/ -->\n<title>Epok&#039; Tour - Revisitez l&#039;histoire - Visites costum\u00e9es en France<\/title>\n<meta name=\"description\" content=\"Rejoignez nos visites guid\u00e9es costum\u00e9es pour red\u00e9couvrir l&#039;Histoire parfois m\u00e9connue de nombreuses villes de France, dans les pas d&#039;un personnages d&#039;\u00e9poque\" \/>\n<meta name=\"robots\" content=\"index, follow, max-snippet:-1, max-image-preview:large, max-video-preview:-1\" \/>\n<link rel=\"canonical\" href=\"https:\/\/epoktour.fr\/en\/homepage-mobile\/\" \/>\n<meta property=\"og:locale\" content=\"en_GB\" \/>\n<meta property=\"og:type\" content=\"article\" \/>\n<meta property=\"og:title\" content=\"Epok&#039; Tour - Revisitez l&#039;histoire - Visites costum\u00e9es en France\" \/>\n<meta property=\"og:description\" content=\"Rejoignez nos visites guid\u00e9es costum\u00e9es pour red\u00e9couvrir l&#039;Histoire parfois m\u00e9connue de nombreuses villes de France, dans les pas d&#039;un personnages d&#039;\u00e9poque\" \/>\n<meta property=\"og:url\" content=\"https:\/\/epoktour.fr\/en\/homepage-mobile\/\" \/>\n<meta property=\"og:site_name\" content=\"Epok&#039; Tour\" \/>\n<meta property=\"article:modified_time\" content=\"2023-11-10T08:38:24+00:00\" \/>\n<meta name=\"twitter:card\" content=\"summary_large_image\" \/>\n<script type=\"application\/ld+json\" class=\"yoast-schema-graph\">{\"@context\":\"https:\/\/schema.org\",\"@graph\":[{\"@type\":\"WebPage\",\"@id\":\"https:\/\/epoktour.fr\/homepage-mobile\/\",\"url\":\"https:\/\/epoktour.fr\/homepage-mobile\/\",\"name\":\"Epok&#039; Tour - Revisitez l'histoire - Visites costum\u00e9es en France\",\"isPartOf\":{\"@id\":\"https:\/\/epoktour.fr\/#website\"},\"datePublished\":\"2020-11-02T18:34:19+00:00\",\"dateModified\":\"2023-11-10T08:38:24+00:00\",\"description\":\"Rejoignez nos visites guid\u00e9es costum\u00e9es pour red\u00e9couvrir l'Histoire parfois m\u00e9connue de nombreuses villes de France, dans les pas d'un personnages d'\u00e9poque\",\"breadcrumb\":{\"@id\":\"https:\/\/epoktour.fr\/homepage-mobile\/#breadcrumb\"},\"inLanguage\":\"en-GB\",\"potentialAction\":[{\"@type\":\"ReadAction\",\"target\":[\"https:\/\/epoktour.fr\/homepage-mobile\/\"]}]},{\"@type\":\"BreadcrumbList\",\"@id\":\"https:\/\/epoktour.fr\/homepage-mobile\/#breadcrumb\",\"itemListElement\":[{\"@type\":\"ListItem\",\"position\":1,\"name\":\"Accueil\",\"item\":\"https:\/\/epoktour.fr\/\"},{\"@type\":\"ListItem\",\"position\":2,\"name\":\"Homepage MOBILE\"}]},{\"@type\":\"WebSite\",\"@id\":\"https:\/\/epoktour.fr\/#website\",\"url\":\"https:\/\/epoktour.fr\/\",\"name\":\"Epok&#039; Tour\",\"description\":\"REVISITEZ I\u2019HISTOIRE\",\"potentialAction\":[{\"@type\":\"SearchAction\",\"target\":{\"@type\":\"EntryPoint\",\"urlTemplate\":\"https:\/\/epoktour.fr\/?s={search_term_string}\"},\"query-input\":\"required name=search_term_string\"}],\"inLanguage\":\"en-GB\"}]}<\/script>\n<!-- \/ Yoast SEO plugin. -->","yoast_head_json":{"title":"Epok&#039; Tour - Revisitez l'histoire - Visites costum\u00e9es en France","description":"Rejoignez nos visites guid\u00e9es costum\u00e9es pour red\u00e9couvrir l'Histoire parfois m\u00e9connue de nombreuses villes de France, dans les pas d'un personnages d'\u00e9poque","robots":{"index":"index","follow":"follow","max-snippet":"max-snippet:-1","max-image-preview":"max-image-preview:large","max-video-preview":"max-video-preview:-1"},"canonical":"https:\/\/epoktour.fr\/en\/homepage-mobile\/","og_locale":"en_GB","og_type":"article","og_title":"Epok&#039; Tour - Revisitez l'histoire - Visites costum\u00e9es en France","og_description":"Rejoignez nos visites guid\u00e9es costum\u00e9es pour red\u00e9couvrir l'Histoire parfois m\u00e9connue de nombreuses villes de France, dans les pas d'un personnages d'\u00e9poque","og_url":"https:\/\/epoktour.fr\/en\/homepage-mobile\/","og_site_name":"Epok&#039; Tour","article_modified_time":"2023-11-10T08:38:24+00:00","twitter_card":"summary_large_image","schema":{"@context":"https:\/\/schema.org","@graph":[{"@type":"WebPage","@id":"https:\/\/epoktour.fr\/homepage-mobile\/","url":"https:\/\/epoktour.fr\/homepage-mobile\/","name":"Epok&#039; Tour - Revisitez l'histoire - Visites costum\u00e9es en France","isPartOf":{"@id":"https:\/\/epoktour.fr\/#website"},"datePublished":"2020-11-02T18:34:19+00:00","dateModified":"2023-11-10T08:38:24+00:00","description":"Rejoignez nos visites guid\u00e9es costum\u00e9es pour red\u00e9couvrir l'Histoire parfois m\u00e9connue de nombreuses villes de France, dans les pas d'un personnages d'\u00e9poque","breadcrumb":{"@id":"https:\/\/epoktour.fr\/homepage-mobile\/#breadcrumb"},"inLanguage":"en-GB","potentialAction":[{"@type":"ReadAction","target":["https:\/\/epoktour.fr\/homepage-mobile\/"]}]},{"@type":"BreadcrumbList","@id":"https:\/\/epoktour.fr\/homepage-mobile\/#breadcrumb","itemListElement":[{"@type":"ListItem","position":1,"name":"Accueil","item":"https:\/\/epoktour.fr\/"},{"@type":"ListItem","position":2,"name":"Homepage MOBILE"}]},{"@type":"WebSite","@id":"https:\/\/epoktour.fr\/#website","url":"https:\/\/epoktour.fr\/","name":"Epok&#039; Tour","description":"REVISITEZ I\u2019HISTOIRE","potentialAction":[{"@type":"SearchAction","target":{"@type":"EntryPoint","urlTemplate":"https:\/\/epoktour.fr\/?s={search_term_string}"},"query-input":"required name=search_term_string"}],"inLanguage":"en-GB"}]}},"_links":{"self":[{"href":"https:\/\/epoktour.fr\/en\/wp-json\/wp\/v2\/pages\/6508"}],"collection":[{"href":"https:\/\/epoktour.fr\/en\/wp-json\/wp\/v2\/pages"}],"about":[{"href":"https:\/\/epoktour.fr\/en\/wp-json\/wp\/v2\/types\/page"}],"author":[{"embeddable":true,"href":"https:\/\/epoktour.fr\/en\/wp-json\/wp\/v2\/users\/1"}],"replies":[{"embeddable":true,"href":"https:\/\/epoktour.fr\/en\/wp-json\/wp\/v2\/comments?post=6508"}],"version-history":[{"count":5,"href":"https:\/\/epoktour.fr\/en\/wp-json\/wp\/v2\/pages\/6508\/revisions"}],"predecessor-version":[{"id":10117,"href":"https:\/\/epoktour.fr\/en\/wp-json\/wp\/v2\/pages\/6508\/revisions\/10117"}],"wp:attachment":[{"href":"https:\/\/epoktour.fr\/en\/wp-json\/wp\/v2\/media?parent=6508"}],"curies":[{"name":"wp","href":"https:\/\/api.w.org\/{rel}","templated":true}]}}