{"id":4126,"date":"2016-11-27T17:29:25","date_gmt":"2016-11-27T17:29:25","guid":{"rendered":"https:\/\/demo.goodlayers.com\/kleanity\/?page_id=4126"},"modified":"2023-10-08T12:36:28","modified_gmt":"2023-10-08T10:36:28","slug":"notre-concept","status":"publish","type":"page","link":"https:\/\/epoktour.fr\/en\/notre-concept\/","title":{"rendered":"Our concept"},"content":{"rendered":"","protected":false},"excerpt":{"rendered":"","protected":false},"author":1,"featured_media":0,"parent":0,"menu_order":0,"comment_status":"closed","ping_status":"closed","template":"","meta":{"footnotes":""},"yoast_head":"<!-- This site is optimized with the Yoast SEO plugin v22.6 - https:\/\/yoast.com\/wordpress\/plugins\/seo\/ -->\n<title>Notre concept - Epok&#039; Tour | Visites costum\u00e9es en France<\/title>\n<meta name=\"description\" content=\"Venez voyager dans le pass\u00e9 avec nous ! Epok&#039;Tour propose des visites costum\u00e9es cont\u00e9es ou th\u00e9\u00e2tralis\u00e9es de nombreuses villes de France.\" \/>\n<meta name=\"robots\" content=\"index, follow, max-snippet:-1, max-image-preview:large, max-video-preview:-1\" \/>\n<link rel=\"canonical\" href=\"https:\/\/epoktour.fr\/en\/notre-concept\/\" \/>\n<meta property=\"og:locale\" content=\"en_GB\" \/>\n<meta property=\"og:type\" content=\"article\" \/>\n<meta property=\"og:title\" content=\"Notre concept - Epok&#039; Tour | Visites costum\u00e9es en France\" \/>\n<meta property=\"og:description\" content=\"Venez voyager dans le pass\u00e9 avec nous ! Epok&#039;Tour propose des visites costum\u00e9es cont\u00e9es ou th\u00e9\u00e2tralis\u00e9es de nombreuses villes de France.\" \/>\n<meta property=\"og:url\" content=\"https:\/\/epoktour.fr\/en\/notre-concept\/\" \/>\n<meta property=\"og:site_name\" content=\"Epok&#039; Tour\" \/>\n<meta property=\"article:modified_time\" content=\"2023-10-08T10:36:28+00:00\" \/>\n<meta name=\"twitter:card\" content=\"summary_large_image\" \/>\n<script type=\"application\/ld+json\" class=\"yoast-schema-graph\">{\"@context\":\"https:\/\/schema.org\",\"@graph\":[{\"@type\":\"WebPage\",\"@id\":\"https:\/\/epoktour.fr\/notre-concept\/\",\"url\":\"https:\/\/epoktour.fr\/notre-concept\/\",\"name\":\"Notre concept - Epok&#039; Tour | Visites costum\u00e9es en France\",\"isPartOf\":{\"@id\":\"https:\/\/epoktour.fr\/#website\"},\"datePublished\":\"2016-11-27T17:29:25+00:00\",\"dateModified\":\"2023-10-08T10:36:28+00:00\",\"description\":\"Venez voyager dans le pass\u00e9 avec nous ! Epok'Tour propose des visites costum\u00e9es cont\u00e9es ou th\u00e9\u00e2tralis\u00e9es de nombreuses villes de France.\",\"breadcrumb\":{\"@id\":\"https:\/\/epoktour.fr\/notre-concept\/#breadcrumb\"},\"inLanguage\":\"en-GB\",\"potentialAction\":[{\"@type\":\"ReadAction\",\"target\":[\"https:\/\/epoktour.fr\/notre-concept\/\"]}]},{\"@type\":\"BreadcrumbList\",\"@id\":\"https:\/\/epoktour.fr\/notre-concept\/#breadcrumb\",\"itemListElement\":[{\"@type\":\"ListItem\",\"position\":1,\"name\":\"Accueil\",\"item\":\"https:\/\/epoktour.fr\/\"},{\"@type\":\"ListItem\",\"position\":2,\"name\":\"Notre concept\"}]},{\"@type\":\"WebSite\",\"@id\":\"https:\/\/epoktour.fr\/#website\",\"url\":\"https:\/\/epoktour.fr\/\",\"name\":\"Epok&#039; Tour\",\"description\":\"REVISITEZ I\u2019HISTOIRE\",\"potentialAction\":[{\"@type\":\"SearchAction\",\"target\":{\"@type\":\"EntryPoint\",\"urlTemplate\":\"https:\/\/epoktour.fr\/?s={search_term_string}\"},\"query-input\":\"required name=search_term_string\"}],\"inLanguage\":\"en-GB\"}]}<\/script>\n<!-- \/ Yoast SEO plugin. -->","yoast_head_json":{"title":"Notre concept - Epok&#039; Tour | Visites costum\u00e9es en France","description":"Venez voyager dans le pass\u00e9 avec nous ! Epok'Tour propose des visites costum\u00e9es cont\u00e9es ou th\u00e9\u00e2tralis\u00e9es de nombreuses villes de France.","robots":{"index":"index","follow":"follow","max-snippet":"max-snippet:-1","max-image-preview":"max-image-preview:large","max-video-preview":"max-video-preview:-1"},"canonical":"https:\/\/epoktour.fr\/en\/notre-concept\/","og_locale":"en_GB","og_type":"article","og_title":"Notre concept - Epok&#039; Tour | Visites costum\u00e9es en France","og_description":"Venez voyager dans le pass\u00e9 avec nous ! Epok'Tour propose des visites costum\u00e9es cont\u00e9es ou th\u00e9\u00e2tralis\u00e9es de nombreuses villes de France.","og_url":"https:\/\/epoktour.fr\/en\/notre-concept\/","og_site_name":"Epok&#039; Tour","article_modified_time":"2023-10-08T10:36:28+00:00","twitter_card":"summary_large_image","schema":{"@context":"https:\/\/schema.org","@graph":[{"@type":"WebPage","@id":"https:\/\/epoktour.fr\/notre-concept\/","url":"https:\/\/epoktour.fr\/notre-concept\/","name":"Notre concept - Epok&#039; Tour | Visites costum\u00e9es en France","isPartOf":{"@id":"https:\/\/epoktour.fr\/#website"},"datePublished":"2016-11-27T17:29:25+00:00","dateModified":"2023-10-08T10:36:28+00:00","description":"Venez voyager dans le pass\u00e9 avec nous ! Epok'Tour propose des visites costum\u00e9es cont\u00e9es ou th\u00e9\u00e2tralis\u00e9es de nombreuses villes de France.","breadcrumb":{"@id":"https:\/\/epoktour.fr\/notre-concept\/#breadcrumb"},"inLanguage":"en-GB","potentialAction":[{"@type":"ReadAction","target":["https:\/\/epoktour.fr\/notre-concept\/"]}]},{"@type":"BreadcrumbList","@id":"https:\/\/epoktour.fr\/notre-concept\/#breadcrumb","itemListElement":[{"@type":"ListItem","position":1,"name":"Accueil","item":"https:\/\/epoktour.fr\/"},{"@type":"ListItem","position":2,"name":"Notre concept"}]},{"@type":"WebSite","@id":"https:\/\/epoktour.fr\/#website","url":"https:\/\/epoktour.fr\/","name":"Epok&#039; Tour","description":"REVISITEZ I\u2019HISTOIRE","potentialAction":[{"@type":"SearchAction","target":{"@type":"EntryPoint","urlTemplate":"https:\/\/epoktour.fr\/?s={search_term_string}"},"query-input":"required name=search_term_string"}],"inLanguage":"en-GB"}]}},"_links":{"self":[{"href":"https:\/\/epoktour.fr\/en\/wp-json\/wp\/v2\/pages\/4126"}],"collection":[{"href":"https:\/\/epoktour.fr\/en\/wp-json\/wp\/v2\/pages"}],"about":[{"href":"https:\/\/epoktour.fr\/en\/wp-json\/wp\/v2\/types\/page"}],"author":[{"embeddable":true,"href":"https:\/\/epoktour.fr\/en\/wp-json\/wp\/v2\/users\/1"}],"replies":[{"embeddable":true,"href":"https:\/\/epoktour.fr\/en\/wp-json\/wp\/v2\/comments?post=4126"}],"version-history":[{"count":4,"href":"https:\/\/epoktour.fr\/en\/wp-json\/wp\/v2\/pages\/4126\/revisions"}],"predecessor-version":[{"id":10071,"href":"https:\/\/epoktour.fr\/en\/wp-json\/wp\/v2\/pages\/4126\/revisions\/10071"}],"wp:attachment":[{"href":"https:\/\/epoktour.fr\/en\/wp-json\/wp\/v2\/media?parent=4126"}],"curies":[{"name":"wp","href":"https:\/\/api.w.org\/{rel}","templated":true}]}}